{"id":118,"date":"2019-02-07T16:24:24","date_gmt":"2019-02-07T16:24:24","guid":{"rendered":"http:\/\/winetaxonomist.nl\/?page_id=118"},"modified":"2024-07-06T10:19:43","modified_gmt":"2024-07-06T10:19:43","slug":"wine-taxonomist","status":"publish","type":"page","link":"https:\/\/winetaxonomist.nl\/?page_id=118","title":{"rendered":"Wine Taxonomist"},"content":{"rendered":"\n<p><strong>&#8220;All men by nature desire knowledge&#8221;\u00a0<\/strong>(<strong>\u03c4\u03bf\u1fe6 \u03b5\u1f30\u03b4\u03ad\u03bd\u03b1\u03b9 \u1f40\u03c1\u03ad\u03b3\u03bf\u03bd\u03c4\u03b1\u03b9 \u03c6\u03cd\u03c3\u03b5\u03b9<\/strong>) is een vertaalde uitspraak van Aristoteles \u00a0(384-322 BC) uit\u00a0<em>Metaphysics<\/em>. Hij was een leerling van Plato en gaf les aan de Academia in Athene en het Lyceum. Hij stichtte de Peripatetische school waar onderwijs werd gegeven en filosofie bestudeerd. Hij wordt beschouwd als de eerste <em>homo universalis<\/em> en onderwees o.a. Alexander de Grote. Hij legde als \u00e9\u00e9n van de eerste een priv\u00e9 bibliotheek aan en op het terrein van de <em>Logica <\/em>werd het <em>Syllogisme <\/em>zijn bekendste presetatie. <\/p>\n\n\n<div class=\"wp-block-image\">\n<figure class=\"alignright is-resized\"><img decoding=\"async\" loading=\"lazy\" src=\"http:\/\/winetaxonomist.nl\/wp-content\/uploads\/2019\/02\/1920px-Raffael_058-1-1024x791.jpg\" alt=\"\" class=\"wp-image-150\" width=\"345\" height=\"266\" srcset=\"https:\/\/winetaxonomist.nl\/wp-content\/uploads\/2019\/02\/1920px-Raffael_058-1-1024x791.jpg 1024w, https:\/\/winetaxonomist.nl\/wp-content\/uploads\/2019\/02\/1920px-Raffael_058-1-300x232.jpg 300w, https:\/\/winetaxonomist.nl\/wp-content\/uploads\/2019\/02\/1920px-Raffael_058-1-768x594.jpg 768w, https:\/\/winetaxonomist.nl\/wp-content\/uploads\/2019\/02\/1920px-Raffael_058-1-820x634.jpg 820w, https:\/\/winetaxonomist.nl\/wp-content\/uploads\/2019\/02\/1920px-Raffael_058-1.jpg 1920w\" sizes=\"(max-width: 345px) 100vw, 345px\" \/><figcaption class=\"wp-element-caption\">(La&nbsp;Scuola&nbsp;di&nbsp;Atene met Socrates, Plato en Aristoteles, Rafa\u00ebl,&nbsp;1510)&nbsp;<\/figcaption><\/figure><\/div>\n\n\n<p>De Hellenistische liefde voor kennis vond gestalte in het Mouseion en de latere bibliotheek van Alexandri\u00eb. Deze ging zelfs zo ver dat alle schepen en kooplui die de havenstad aandeden gecontroleerd werden op boekrollen en geschriften die dan gevorderd werden. Deze werden aan de Bibliotheek toegevoegd waarna de oorspronkelijke eigenaars kopie\u00ebn kregen.<\/p>\n\n\n\n<p><\/p>\n\n\n\n<p>Na de dood van Alexander de Grote (356-323 v.Chr.) werd Ptolemaeus I Soter (367-283 v. Chr.) koning van Egypte. In de hoofdstad Alexandri\u00eb stichtte Ptolemaeus rond 290 v. Chr. een \u2018cultuurcentrum\u2019: het Museion. Onderdeel van dit Museion was de bibliotheek van Alexandri\u00eb. <\/p>\n\n\n\n<p>De eerste bibliothecaris&nbsp;was&nbsp;Demetrios Phalerios, een student van&nbsp;Aristoteles. De boekencollectie van Aristoteles, die hij naar Alexandri\u00eb had meegenomen, werd het beginpunt van de nieuwe bibliotheek. <\/p>\n\n\n\n<p>Naar alle windstreken werden opkopers gestuurd die zo veel mogelijk onbekende boekwerken moesten trachten te verwerven. Op het hoogtepunt in de 1e eeuw v.Chr. bevatte de bibliotheek tussen de 400.000 en 700.000&nbsp;boekrollen. Tegen die tijd was de bibliotheek verspreid over verschillende gebouwen in de stad gehuisvest en behalve in het&nbsp;<em>Mouseion<\/em>&nbsp;was er ook een kleinere afdeling in het&nbsp;<a href=\"https:\/\/nl.wikipedia.org\/wiki\/Serapeum\">Serapeum<\/a>&nbsp;(<em>serapeion<\/em>), en in het koninklijke paleis zelf. Lange tijd was de bibliotheek het centrum van de&nbsp;<a href=\"https:\/\/nl.wikipedia.org\/wiki\/Westerse_cultuur\">Westerse kennis<\/a>&nbsp;in de&nbsp;<a href=\"https:\/\/nl.wikipedia.org\/wiki\/Oudheid\">oudheid<\/a>.<\/p>\n\n\n\n<p>De rollen die overgeschreven door de kopisten werden geplaatst in de\u00a0<em>&#8216;<strong>bibliothekai&#8217;<\/strong><\/em>. Nissen in deze ruimte ruimte hadden de tekst er boven:\u00a0<em>&#8216;de plaats voor genezing van de ziel&#8217;.<\/em><\/p>\n\n\n<div class=\"wp-block-image\">\n<figure class=\"alignright is-resized\"><img decoding=\"async\" loading=\"lazy\" src=\"http:\/\/winetaxonomist.nl\/wp-content\/uploads\/2019\/02\/Ancientlibraryalex-1007x1024.jpg\" alt=\"\" class=\"wp-image-151\" width=\"267\" height=\"268\"\/><figcaption class=\"wp-element-caption\">(Bibliothekai Alexandrie)<\/figcaption><\/figure><\/div>\n\n\n<p>Aristoteles is trouwens ook bekend van de eerste expliciete bekende beschrijving van de <strong>Lemnia druif <\/strong>van eiland Limnos.<\/p>\n\n\n\n<p><strong>Taxonomie\u00ebn&nbsp;<\/strong>worden gebruikt voor naamgeving, ordening (classificatie) en kennisoverdracht. &nbsp;Dit kunnen hi\u00ebrarchische indelingen zijn of betrekking hebben op relaties van en, tussen woorden (Semantiek,  Syntaxis, Taal en Context).  Zoekalgoritmes en Search Engines hebben het proces van de Quest naar kennis enorm vergemakkelijkt waardoor iedereen onafhankelijk van locatie en tijd informatie tot zich nemen. Jon Peter (JP) heeft Infomatiewetenschap gestudeerd en digitalisering\/zoektechnologi\u00ebn  als achtergrond en is een gepassioneerde wijnliefhebber. Deze zijn samengekomen in de:&nbsp;<strong>&#8216;winetaxonomist&#8217;.<\/strong><\/p>\n\n\n\n<p><\/p>\n\n\n<div class=\"wp-block-image\">\n<figure class=\"aligncenter is-resized\"><img decoding=\"async\" loading=\"lazy\" src=\"http:\/\/winetaxonomist.nl\/wp-content\/uploads\/2019\/02\/The-Wine-Taxonomist-2.jpeg\" alt=\"\" class=\"wp-image-152\" width=\"120\" height=\"120\" srcset=\"https:\/\/winetaxonomist.nl\/wp-content\/uploads\/2019\/02\/The-Wine-Taxonomist-2.jpeg 500w, https:\/\/winetaxonomist.nl\/wp-content\/uploads\/2019\/02\/The-Wine-Taxonomist-2-150x150.jpeg 150w, https:\/\/winetaxonomist.nl\/wp-content\/uploads\/2019\/02\/The-Wine-Taxonomist-2-300x300.jpeg 300w\" sizes=\"(max-width: 120px) 100vw, 120px\" \/><\/figure><\/div>\n\n\n<p><\/p>\n","protected":false},"excerpt":{"rendered":"<p>&#8220;All men by nature desire knowledge&#8221;\u00a0(\u03c4\u03bf\u1fe6 \u03b5\u1f30\u03b4\u03ad\u03bd\u03b1\u03b9 \u1f40\u03c1\u03ad\u03b3\u03bf\u03bd\u03c4\u03b1\u03b9 \u03c6\u03cd\u03c3\u03b5\u03b9) is een vertaalde uitspraak van Aristoteles \u00a0(384-322 BC) uit\u00a0Metaphysics. Hij was [&hellip;]<\/p>\n","protected":false},"author":1,"featured_media":0,"parent":0,"menu_order":0,"comment_status":"closed","ping_status":"closed","template":"","meta":[],"_links":{"self":[{"href":"https:\/\/winetaxonomist.nl\/index.php?rest_route=\/wp\/v2\/pages\/118"}],"collection":[{"href":"https:\/\/winetaxonomist.nl\/index.php?rest_route=\/wp\/v2\/pages"}],"about":[{"href":"https:\/\/winetaxonomist.nl\/index.php?rest_route=\/wp\/v2\/types\/page"}],"author":[{"embeddable":true,"href":"https:\/\/winetaxonomist.nl\/index.php?rest_route=\/wp\/v2\/users\/1"}],"replies":[{"embeddable":true,"href":"https:\/\/winetaxonomist.nl\/index.php?rest_route=%2Fwp%2Fv2%2Fcomments&post=118"}],"version-history":[{"count":22,"href":"https:\/\/winetaxonomist.nl\/index.php?rest_route=\/wp\/v2\/pages\/118\/revisions"}],"predecessor-version":[{"id":1523,"href":"https:\/\/winetaxonomist.nl\/index.php?rest_route=\/wp\/v2\/pages\/118\/revisions\/1523"}],"wp:attachment":[{"href":"https:\/\/winetaxonomist.nl\/index.php?rest_route=%2Fwp%2Fv2%2Fmedia&parent=118"}],"curies":[{"name":"wp","href":"https:\/\/api.w.org\/{rel}","templated":true}]}}